{"id":7,"date":"2025-11-07T00:03:57","date_gmt":"2025-11-07T00:03:57","guid":{"rendered":"https:\/\/koavet.com\/ch\/?page_id=7"},"modified":"2025-12-05T17:43:13","modified_gmt":"2025-12-05T22:43:13","slug":"home","status":"publish","type":"page","link":"https:\/\/koavet.com\/ch\/","title":{"rendered":"Heim"},"content":{"rendered":"\n<script src=\"https:\/\/cdn.tailwindcss.com\"><\/script>\n    <style>\n        \/* Angepasste Schriftart und Markenfarben *\/\n        body {\n            \/* Nutzung eines System-Font-Stacks *\/\n            font-family: -apple-system, BlinkMacSystemFont, \"Segoe UI\", Roboto, \"Helvetica Neue\", Arial, sans-serif;\n            background-color: #f7f9fb; \/* Sehr heller Hintergrund *\/\n        }\n        \/* Style f\u00fcr den Hover-Effekt der Stadtkarten *\/\n        .city-card {\n            transition: all 0.3s ease;\n            box-shadow: 0 4px 15px rgba(0, 0, 0, 0.05);\n        }\n        .city-card:hover {\n            transform: translateY(-4px);\n            box-shadow: 0 10px 20px rgba(17, 94, 89, 0.2); \/* Markenschatten *\/\n            border-color: #10b981; \/* Smaragdgr\u00fcner Rand beim Hover *\/\n        }\n        \/* KoaVet Markenfarbe (tiefes T\u00fcrkis\/Smaragdgr\u00fcn) *\/\n        .brand-color {\n            color: #10b981;\n        }\n    <\/style>\n\n    <!-- Hauptinhaltsbereich -->\n    <main class=\"flex-grow max-w-7xl mx-auto px-4 sm:px-6 lg:px-8 py-16\">\n        \n        <!-- Haupttitel und Leistungsversprechen -->\n        <div class=\"text-center mb-16\">\n            <span class=\"inline-block bg-teal-100 brand-color px-4 py-1 rounded-full text-sm font-semibold uppercase mb-3\">Veterin\u00e4rmedizin in der Schweiz<\/span>\n            <h1 class=\"text-5xl md:text-6xl font-extrabold text-gray-900 mb-4 tracking-tight\">\n                Die besten Tierkliniken und Praxen.\n            <\/h1>\n            <p class=\"text-xl text-gray-600 max-w-3xl mx-auto\">\n                Finden Sie schnell und einfach qualifizierte Veterin\u00e4re in Z\u00fcrich, Bern, Basel und mehr. Ihr Tier verdient die beste Betreuung.\n            <\/p>\n            <div class=\"mt-8\">\n                <p class=\"text-2xl font-bold text-gray-700\">\n                    W\u00e4hlen Sie Ihre Stadt\n                <\/p>\n            <\/div>\n        <\/div>\n\n        <!-- Stadtauswahl (Interaktives Grid) -->\n        <section class=\"mb-16\">\n            <div class=\"grid grid-cols-1 sm:grid-cols-2 lg:grid-cols-3 gap-6\">\n                \n                <!-- Z\u00fcrich -->\n                <a href=\"https:\/\/koavet.com\/ch\/zurich\/\" class=\"city-card bg-white p-6 rounded-xl border border-gray-200 flex flex-col items-center justify-center text-center hover:border-teal-500\">\n                    <span class=\"text-5xl mb-3\" role=\"img\" aria-label=\"Z\u00fcrich Icon\">\ud83c\udfe0<\/span>\n                    <span class=\"text-lg font-semibold text-gray-900\">Z\u00fcrich<\/span>\n                    <span class=\"text-sm text-gray-500\">(Z\u00fcrich)<\/span>\n                <\/a>\n\n                <!-- Genf (Gen\u00e8ve) -->\n                <a href=\"https:\/\/koavet.com\/ch\/geneve\/\" class=\"city-card bg-white p-6 rounded-xl border border-gray-200 flex flex-col items-center justify-center text-center hover:border-teal-500\">\n                    <span class=\"text-5xl mb-3\" role=\"img\" aria-label=\"Geneva Icon\">\u26f2<\/span>\n                    <span class=\"text-lg font-semibold text-gray-900\">Genf<\/span>\n                    <span class=\"text-sm text-gray-500\">(Gen\u00e8ve)<\/span>\n                <\/a>\n\n                <!-- Basel -->\n                <a href=\"https:\/\/koavet.com\/ch\/basel\/\" class=\"city-card bg-white p-6 rounded-xl border border-gray-200 flex flex-col items-center justify-center text-center hover:border-teal-500\">\n                    <span class=\"text-5xl mb-3\" role=\"img\" aria-label=\"Basel Icon\">\ud83c\udf09<\/span>\n                    <span class=\"text-lg font-semibold text-gray-900\">Basel<\/span>\n                    <span class=\"text-sm text-gray-500\">(Basel-Stadt)<\/span>\n                <\/a>\n\n                <!-- Lausanne -->\n                <a href=\"https:\/\/koavet.com\/ch\/lausanne\/\" class=\"city-card bg-white p-6 rounded-xl border border-gray-200 flex flex-col items-center justify-center text-center hover:border-teal-500\">\n                    <span class=\"text-5xl mb-3\" role=\"img\" aria-label=\"Lausanne Icon\">\ud83c\udfd4\ufe0f<\/span>\n                    <span class=\"text-lg font-semibold text-gray-900\">Lausanne<\/span>\n                    <span class=\"text-sm text-gray-500\">(Vaud)<\/span>\n                <\/a>\n\n                <!-- Bern -->\n                <a href=\"https:\/\/koavet.com\/ch\/bern\/\" class=\"city-card bg-white p-6 rounded-xl border border-gray-200 flex flex-col items-center justify-center text-center hover:border-teal-500\">\n                    <span class=\"text-5xl mb-3\" role=\"img\" aria-label=\"Bern Icon\">\ud83d\udc3b<\/span>\n                    <span class=\"text-lg font-semibold text-gray-900\">Bern<\/span>\n                    <span class=\"text-sm text-gray-500\">(Hauptstadt)<\/span>\n                <\/a>\n\n                <!-- Winterthur -->\n                <a href=\"https:\/\/koavet.com\/ch\/winterthur\/\" class=\"city-card bg-white p-6 rounded-xl border border-gray-200 flex flex-col items-center justify-center text-center hover:border-teal-500\">\n                    <span class=\"text-5xl mb-3\" role=\"img\" aria-label=\"Winterthur Icon\">\ud83d\ude82<\/span>\n                    <span class=\"text-lg font-semibold text-gray-900\">Winterthur<\/span>\n                    <span class=\"text-sm text-gray-500\">(Z\u00fcrich)<\/span>\n                <\/a>\n                \n                <!-- Link a otros Cantones \/ Ciudades -->\n                <a href=\"#\" class=\"city-card bg-gray-100 p-6 rounded-xl border border-gray-300 flex flex-col items-center justify-center text-center col-span-full\">\n                    <span class=\"text-3xl mb-3 text-gray-500\" role=\"img\" aria-label=\"Map Icon\">\ud83d\udccd<\/span>\n                    <span class=\"text-base font-semibold text-gray-500\">Andere Kantone und Regionen<\/span>\n                <\/a>\n\n            <\/div>\n        <\/section>\n\n        <!-- Sekund\u00e4rabschnitt: Unsere Schwerpunkte -->\n        <section class=\"bg-white p-8 md:p-12 rounded-2xl shadow-lg border border-gray-100\">\n            <h2 class=\"text-3xl font-bold text-gray-800 mb-6 text-center\">Unsere Schwerpunkte f\u00fcr Tierhalter in der Schweiz<\/h2>\n            <div class=\"grid grid-cols-1 md:grid-cols-3 gap-8 text-center\">\n                \n                <!-- Funktion 1: Notf\u00e4lle 24\/7 -->\n                <div class=\"p-4\">\n                    <svg class=\"w-10 h-10 brand-color mx-auto mb-3\" fill=\"none\" stroke=\"currentColor\" viewBox=\"0 0 24 24\" xmlns=\"http:\/\/www.w3.org\/2000\/svg\">\n                        <path stroke-linecap=\"round\" stroke-linejoin=\"round\" stroke-width=\"2\" d=\"M12 8v4l3 3m6-3a9 9 0 11-18 0 9 9 0 0118 0z\"><\/path>\n                    <\/svg>\n                    <h3 class=\"text-xl font-semibold mb-2 text-gray-900\">Notf\u00e4lle 24\/7<\/h3>\n                    <p class=\"text-gray-500\">Finden Sie sofort verf\u00fcgbare Notfallkliniken und Tier\u00e4rzte in Ihrer N\u00e4he.<\/p>\n                <\/div>\n\n                <!-- Funktion 2: Spezialisten -->\n                <div class=\"p-4\">\n                    <svg class=\"w-10 h-10 brand-color mx-auto mb-3\" fill=\"none\" stroke=\"currentColor\" viewBox=\"0 0 24 24\" xmlns=\"http:\/\/www.w3.org\/2000\/svg\">\n                        <path stroke-linecap=\"round\" stroke-linejoin=\"round\" stroke-width=\"2\" d=\"M17 20h-4M5 20h4M3 4h18M3 8h18M3 12h18M3 16h18\"><\/path>\n                    <\/svg>\n                    <h3 class=\"text-xl font-semibold mb-2 text-gray-900\">Spezialisten<\/h3>\n                    <p class=\"text-gray-500\">Zugriff auf Fach\u00e4rzte f\u00fcr Kardiologie, Orthop\u00e4die, Dermatologie und mehr.<\/p>\n                <\/div>\n\n                <!-- Funktion 3: Heimtier & Exoten -->\n                <div class=\"p-4\">\n                    <svg class=\"w-10 h-10 brand-color mx-auto mb-3\" fill=\"none\" stroke=\"currentColor\" viewBox=\"0 0 24 24\" xmlns=\"http:\/\/www.w3.org\/2000\/svg\">\n                        <path stroke-linecap=\"round\" stroke-linejoin=\"round\" stroke-width=\"2\" d=\"M3 19v-8.93a2 2 0 01.89-1.664L12 4.161l7.11 3.245a2 2 0 01.89 1.664V19M8 11h4m0 0h4m-4 0v4m0-4v-4m-2 4h4m-4 0v4m0-4v-4m-2 4h4\"><\/path>\n                    <\/svg>\n                    <h3 class=\"text-xl font-semibold mb-2 text-gray-900\">Heimtier &#038; Exoten<\/h3>\n                    <p class=\"text-gray-500\">Spezielle Betreuung f\u00fcr Katzen, V\u00f6gel, Reptilien und andere exotische Haustiere.<\/p>\n                <\/div>\n\n            <\/div>\n        <\/section>\n\n    <\/main>\n","protected":false},"excerpt":{"rendered":"<p>Veterin\u00e4rmedizin in der Schweiz Die besten Tierkliniken und Praxen. Finden Sie schnell und einfach qualifizierte Veterin\u00e4re in Z\u00fcrich, Bern, Basel und mehr. Ihr Tier verdient die beste Betreuung. W\u00e4hlen Sie Ihre Stadt \ud83c\udfe0 Z\u00fcrich (Z\u00fcrich) \u26f2 Genf (Gen\u00e8ve) \ud83c\udf09 Basel (Basel-Stadt) \ud83c\udfd4\ufe0f Lausanne (Vaud) \ud83d\udc3b Bern (Hauptstadt) \ud83d\ude82 Winterthur (Z\u00fcrich) \ud83d\udccd Andere Kantone und Regionen&hellip;&nbsp;<a href=\"https:\/\/koavet.com\/ch\/\" rel=\"bookmark\"><span class=\"screen-reader-text\">Heim<\/span><\/a><\/p>\n","protected":false},"author":1,"featured_media":0,"parent":0,"menu_order":0,"comment_status":"closed","ping_status":"closed","template":"","meta":{"neve_meta_sidebar":"","neve_meta_container":"","neve_meta_enable_content_width":"","neve_meta_content_width":0,"neve_meta_title_alignment":"center","neve_meta_author_avatar":"","neve_post_elements_order":"","neve_meta_disable_header":"on","neve_meta_disable_footer":"on","neve_meta_disable_title":"on","footnotes":""},"class_list":["post-7","page","type-page","status-publish","hentry"],"yoast_head":"<!-- This site is optimized with the Yoast SEO plugin v26.5 - https:\/\/yoast.com\/wordpress\/plugins\/seo\/ -->\n<title>Heim | Koavet \u2013 Schweiz<\/title>\n<meta name=\"robots\" content=\"index, follow, max-snippet:-1, max-image-preview:large, max-video-preview:-1\" \/>\n<link rel=\"canonical\" href=\"https:\/\/koavet.com\/ch\/\" \/>\n<meta property=\"og:locale\" content=\"de_DE\" \/>\n<meta property=\"og:type\" content=\"article\" \/>\n<meta property=\"og:title\" content=\"Heim | Koavet \u2013 Schweiz\" \/>\n<meta property=\"og:description\" content=\"Veterin\u00e4rmedizin in der Schweiz Die besten Tierkliniken und Praxen. Finden Sie schnell und einfach qualifizierte Veterin\u00e4re in Z\u00fcrich, Bern, Basel und mehr. Ihr Tier verdient die beste Betreuung. W\u00e4hlen Sie Ihre Stadt \ud83c\udfe0 Z\u00fcrich (Z\u00fcrich) \u26f2 Genf (Gen\u00e8ve) \ud83c\udf09 Basel (Basel-Stadt) \ud83c\udfd4\ufe0f Lausanne (Vaud) \ud83d\udc3b Bern (Hauptstadt) \ud83d\ude82 Winterthur (Z\u00fcrich) \ud83d\udccd Andere Kantone und Regionen&hellip;&nbsp;Heim\" \/>\n<meta property=\"og:url\" content=\"https:\/\/koavet.com\/ch\/\" \/>\n<meta property=\"og:site_name\" content=\"Koavet \u2013 Schweiz\" \/>\n<meta property=\"article:modified_time\" content=\"2025-12-05T22:43:13+00:00\" \/>\n<meta name=\"twitter:card\" content=\"summary_large_image\" \/>\n<meta name=\"twitter:label1\" content=\"Gesch\u00e4tzte Lesezeit\" \/>\n\t<meta name=\"twitter:data1\" content=\"1\u00a0Minute\" \/>\n<script type=\"application\/ld+json\" class=\"yoast-schema-graph\">{\"@context\":\"https:\/\/schema.org\",\"@graph\":[{\"@type\":\"WebPage\",\"@id\":\"https:\/\/koavet.com\/ch\/\",\"url\":\"https:\/\/koavet.com\/ch\/\",\"name\":\"Heim | Koavet \u2013 Schweiz\",\"isPartOf\":{\"@id\":\"https:\/\/koavet.com\/ch\/#website\"},\"datePublished\":\"2025-11-07T00:03:57+00:00\",\"dateModified\":\"2025-12-05T22:43:13+00:00\",\"breadcrumb\":{\"@id\":\"https:\/\/koavet.com\/ch\/#breadcrumb\"},\"inLanguage\":\"de-CH\",\"potentialAction\":[{\"@type\":\"ReadAction\",\"target\":[\"https:\/\/koavet.com\/ch\/\"]}]},{\"@type\":\"BreadcrumbList\",\"@id\":\"https:\/\/koavet.com\/ch\/#breadcrumb\",\"itemListElement\":[{\"@type\":\"ListItem\",\"position\":1,\"name\":\"Startseite\",\"item\":\"https:\/\/koavet.com\/ch\/\"},{\"@type\":\"ListItem\",\"position\":2,\"name\":\"Heim\"}]},{\"@type\":\"WebSite\",\"@id\":\"https:\/\/koavet.com\/ch\/#website\",\"url\":\"https:\/\/koavet.com\/ch\/\",\"name\":\"Koavet \u2013 Schweiz\",\"description\":\"\",\"potentialAction\":[{\"@type\":\"SearchAction\",\"target\":{\"@type\":\"EntryPoint\",\"urlTemplate\":\"https:\/\/koavet.com\/ch\/?s={search_term_string}\"},\"query-input\":{\"@type\":\"PropertyValueSpecification\",\"valueRequired\":true,\"valueName\":\"search_term_string\"}}],\"inLanguage\":\"de-CH\"}]}<\/script>\n<!-- \/ Yoast SEO plugin. -->","yoast_head_json":{"title":"Heim | Koavet \u2013 Schweiz","robots":{"index":"index","follow":"follow","max-snippet":"max-snippet:-1","max-image-preview":"max-image-preview:large","max-video-preview":"max-video-preview:-1"},"canonical":"https:\/\/koavet.com\/ch\/","og_locale":"de_DE","og_type":"article","og_title":"Heim | Koavet \u2013 Schweiz","og_description":"Veterin\u00e4rmedizin in der Schweiz Die besten Tierkliniken und Praxen. Finden Sie schnell und einfach qualifizierte Veterin\u00e4re in Z\u00fcrich, Bern, Basel und mehr. Ihr Tier verdient die beste Betreuung. W\u00e4hlen Sie Ihre Stadt \ud83c\udfe0 Z\u00fcrich (Z\u00fcrich) \u26f2 Genf (Gen\u00e8ve) \ud83c\udf09 Basel (Basel-Stadt) \ud83c\udfd4\ufe0f Lausanne (Vaud) \ud83d\udc3b Bern (Hauptstadt) \ud83d\ude82 Winterthur (Z\u00fcrich) \ud83d\udccd Andere Kantone und Regionen&hellip;&nbsp;Heim","og_url":"https:\/\/koavet.com\/ch\/","og_site_name":"Koavet \u2013 Schweiz","article_modified_time":"2025-12-05T22:43:13+00:00","twitter_card":"summary_large_image","twitter_misc":{"Gesch\u00e4tzte Lesezeit":"1\u00a0Minute"},"schema":{"@context":"https:\/\/schema.org","@graph":[{"@type":"WebPage","@id":"https:\/\/koavet.com\/ch\/","url":"https:\/\/koavet.com\/ch\/","name":"Heim | Koavet \u2013 Schweiz","isPartOf":{"@id":"https:\/\/koavet.com\/ch\/#website"},"datePublished":"2025-11-07T00:03:57+00:00","dateModified":"2025-12-05T22:43:13+00:00","breadcrumb":{"@id":"https:\/\/koavet.com\/ch\/#breadcrumb"},"inLanguage":"de-CH","potentialAction":[{"@type":"ReadAction","target":["https:\/\/koavet.com\/ch\/"]}]},{"@type":"BreadcrumbList","@id":"https:\/\/koavet.com\/ch\/#breadcrumb","itemListElement":[{"@type":"ListItem","position":1,"name":"Startseite","item":"https:\/\/koavet.com\/ch\/"},{"@type":"ListItem","position":2,"name":"Heim"}]},{"@type":"WebSite","@id":"https:\/\/koavet.com\/ch\/#website","url":"https:\/\/koavet.com\/ch\/","name":"Koavet \u2013 Schweiz","description":"","potentialAction":[{"@type":"SearchAction","target":{"@type":"EntryPoint","urlTemplate":"https:\/\/koavet.com\/ch\/?s={search_term_string}"},"query-input":{"@type":"PropertyValueSpecification","valueRequired":true,"valueName":"search_term_string"}}],"inLanguage":"de-CH"}]}},"_hostinger_reach_plugin_has_subscription_block":false,"_hostinger_reach_plugin_is_elementor":false,"_links":{"self":[{"href":"https:\/\/koavet.com\/ch\/wp-json\/wp\/v2\/pages\/7","targetHints":{"allow":["GET"]}}],"collection":[{"href":"https:\/\/koavet.com\/ch\/wp-json\/wp\/v2\/pages"}],"about":[{"href":"https:\/\/koavet.com\/ch\/wp-json\/wp\/v2\/types\/page"}],"author":[{"embeddable":true,"href":"https:\/\/koavet.com\/ch\/wp-json\/wp\/v2\/users\/1"}],"replies":[{"embeddable":true,"href":"https:\/\/koavet.com\/ch\/wp-json\/wp\/v2\/comments?post=7"}],"version-history":[{"count":11,"href":"https:\/\/koavet.com\/ch\/wp-json\/wp\/v2\/pages\/7\/revisions"}],"predecessor-version":[{"id":251,"href":"https:\/\/koavet.com\/ch\/wp-json\/wp\/v2\/pages\/7\/revisions\/251"}],"wp:attachment":[{"href":"https:\/\/koavet.com\/ch\/wp-json\/wp\/v2\/media?parent=7"}],"curies":[{"name":"wp","href":"https:\/\/api.w.org\/{rel}","templated":true}]}}